{"id":218,"date":"2021-09-20T20:16:49","date_gmt":"2021-09-20T18:16:49","guid":{"rendered":"https:\/\/www.cargo-consult.eu\/?page_id=218"},"modified":"2021-12-08T14:54:07","modified_gmt":"2021-12-08T13:54:07","slug":"impressum","status":"publish","type":"page","link":"https:\/\/www.cargo-consult.eu\/en\/impressum\/","title":{"rendered":"Imprint"},"content":{"rendered":"\t\t<div data-elementor-type=\"wp-page\" data-elementor-id=\"218\" class=\"elementor elementor-218\">\n\t\t\t\t\t\t\t\t\t<section class=\"elementor-section elementor-top-section elementor-element elementor-element-4ee5aa4 elementor-section-boxed elementor-section-height-default elementor-section-height-default\" data-id=\"4ee5aa4\" data-element_type=\"section\">\n\t\t\t\t\t\t<div class=\"elementor-container elementor-column-gap-default\">\n\t\t\t\t\t<div class=\"elementor-column elementor-col-100 elementor-top-column elementor-element elementor-element-19c06fc\" data-id=\"19c06fc\" data-element_type=\"column\">\n\t\t\t<div class=\"elementor-widget-wrap elementor-element-populated\">\n\t\t\t\t\t\t\t\t<div class=\"elementor-element elementor-element-77cc6a4 elementor-widget elementor-widget-heading\" data-id=\"77cc6a4\" data-element_type=\"widget\" data-widget_type=\"heading.default\">\n\t\t\t\t<div class=\"elementor-widget-container\">\n\t\t\t<style>\/*! elementor - v3.17.0 - 01-11-2023 *\/\n.elementor-heading-title{padding:0;margin:0;line-height:1}.elementor-widget-heading .elementor-heading-title[class*=elementor-size-]>a{color:inherit;font-size:inherit;line-height:inherit}.elementor-widget-heading .elementor-heading-title.elementor-size-small{font-size:15px}.elementor-widget-heading .elementor-heading-title.elementor-size-medium{font-size:19px}.elementor-widget-heading .elementor-heading-title.elementor-size-large{font-size:29px}.elementor-widget-heading .elementor-heading-title.elementor-size-xl{font-size:39px}.elementor-widget-heading .elementor-heading-title.elementor-size-xxl{font-size:59px}<\/style><h2 class=\"elementor-heading-title elementor-size-default\">Impressum<\/h2>\t\t<\/div>\n\t\t\t\t<\/div>\n\t\t\t\t\t<\/div>\n\t\t<\/div>\n\t\t\t\t\t\t\t<\/div>\n\t\t<\/section>\n\t\t\t\t<section class=\"elementor-section elementor-top-section elementor-element elementor-element-9462290 elementor-section-boxed elementor-section-height-default elementor-section-height-default\" data-id=\"9462290\" data-element_type=\"section\">\n\t\t\t\t\t\t<div class=\"elementor-container elementor-column-gap-default\">\n\t\t\t\t\t<div class=\"elementor-column elementor-col-100 elementor-top-column elementor-element elementor-element-ce0df98\" data-id=\"ce0df98\" data-element_type=\"column\">\n\t\t\t<div class=\"elementor-widget-wrap elementor-element-populated\">\n\t\t\t\t\t\t\t\t<div class=\"elementor-element elementor-element-30a5c6d elementor-widget elementor-widget-text-editor\" data-id=\"30a5c6d\" data-element_type=\"widget\" data-widget_type=\"text-editor.default\">\n\t\t\t\t<div class=\"elementor-widget-container\">\n\t\t\t<style>\/*! elementor - v3.17.0 - 01-11-2023 *\/\n.elementor-widget-text-editor.elementor-drop-cap-view-stacked .elementor-drop-cap{background-color:#69727d;color:#fff}.elementor-widget-text-editor.elementor-drop-cap-view-framed .elementor-drop-cap{color:#69727d;border:3px solid;background-color:transparent}.elementor-widget-text-editor:not(.elementor-drop-cap-view-default) .elementor-drop-cap{margin-top:8px}.elementor-widget-text-editor:not(.elementor-drop-cap-view-default) .elementor-drop-cap-letter{width:1em;height:1em}.elementor-widget-text-editor .elementor-drop-cap{float:left;text-align:center;line-height:1;font-size:50px}.elementor-widget-text-editor .elementor-drop-cap-letter{display:inline-block}<\/style>\t\t\t\t<h2><span style=\"color: #000000;\">INFORMATIONSPFLICHT LAUT \u00a75 E-COMMERCE GESETZ, \u00a714 UNTERNEHMENSGESETZBUCH, \u00a763 GEWERBEORDNUNG UND OFFENLEGUNGSPFLICHT LAUT \u00a725 MEDIENGESETZ.<\/span><\/h2>\n<p><span style=\"color: #000000;\"><strong>Firmenname und Adresse:<br><\/strong>MK CARGO CONSULT e.U.<\/span><br><span style=\"color: #000000;\">Martin Kvych<\/span><\/p>\n<p><span style=\"color: #000000;\">Griesgasse 11<\/span><br><span style=\"color: #000000;\">AT 2340 M\u00f6dling<\/span><\/p>\n<p><span style=\"color: #000000;\"><strong>UID:<\/strong> ATU 77214248<\/span><\/p>\n<p><span style=\"color: #000000;\"><strong>Firmenbuchnumer:<\/strong> FN 563039z<\/span><\/p>\n<p><strong><span style=\"color: #333333;\">Bankverbindung:<\/span><\/strong><\/p>\n<p><span style=\"color: #333333;\">ERSTE BANK <\/span><br><span style=\"color: #333333;\">BLZ 20111<\/span><\/p>\n<p><span style=\"color: #333333;\">Konto 213-984-630\/05<\/span><\/p>\n<p><span style=\"color: #333333;\">IBAN AT07 2011 1213 9846 3005<\/span><\/p>\n<p><span style=\"color: #333333;\">BIC: GIBAATWWXXX<\/span><\/p>\n<p><span style=\"color: #333333;\"><b>Datenschutzinformationen:<\/b><\/span><\/p>\n<p><span style=\"color: #333333;\">Es gelten die allgemeinen Gesch\u00e4ftsbedingungen f\u00fcr Unternehmensberatung gem\u00e4\u00df letztg\u00fcltiger Fassung der WKO:<br><\/span><span style=\"font-size: 9.0pt; font-family: 'Calibri',sans-serif; mso-fareast-font-family: Calibri; mso-fareast-theme-font: minor-latin; mso-ansi-language: DE-AT; mso-fareast-language: EN-US; mso-bidi-language: AR-SA;\"><a href=\"https:\/\/www.wko.at\/service\/agb\/unternehmensberatung-agb.docx\">https:\/\/www.wko.at\/service\/agb\/unternehmensberatung-agb.docx<\/a><\/span><span style=\"color: #333333;\"><b><br><\/b><\/span><\/p>\n<p><span style=\"color: #333333;\">&nbsp;<\/span><\/p>\n<p><span style=\"color: #333333;\">&nbsp;<\/span><\/p>\n<p><span style=\"color: #333333;\">&nbsp;<\/span><\/p>\n<section>\n<div>\n<div>\n<div>\n<h2><span style=\"color: #000000;\">EU-STREITSCHLICHTUNG<\/span><\/h2>\n<p><span style=\"color: #000000;\">Gem\u00e4\u00df Verordnung \u00fcber Online-Streitbeilegung in Verbraucherangelegenheiten (ODR-Verordnung) m\u00f6chten wir Sie \u00fcber die Online-Streitbeilegungsplattform (OS-Plattform) informieren. Verbraucher haben die M\u00f6glichkeit, Beschwerden an die Online Streitbeilegungsplattform der Europ\u00e4ischen Kommission unter http:\/\/ec.europa.eu\/odr?tid=121465106 zu richten. Die daf\u00fcr notwendigen Kontaktdaten finden Sie oberhalb in unserem Impressum. Wir m\u00f6chten Sie jedoch darauf hinweisen, dass wir nicht bereit oder verpflichtet sind, an Streitbeilegungsverfahren vor einer Verbraucherschlichtungsstelle teilzunehmen.<\/span><\/p>\n<\/div>\n<\/div>\n<\/div>\n<div>\n<div>\n<div>\n<h2><span style=\"color: #000000;\">HAFTUNG F\u00dcR INHALTE DIESER WEBSEITE<\/span><\/h2>\n<p><span style=\"color: #000000;\">Wir entwickeln die Inhalte dieser Webseite st\u00e4ndig weiter und bem\u00fchen uns korrekte und aktuelle Informationen bereitzustellen. Leider k\u00f6nnen wir keine Haftung f\u00fcr die Korrektheit aller Inhalte auf dieser Webseite \u00fcbernehmen, speziell f\u00fcr jene die seitens Dritter bereitgestellt wurden. Sollten Ihnen problematische oder rechtswidrige Inhalte auffallen, bitten wir Sie uns umgehend zu kontaktieren, Sie finden die Kontaktdaten im Impressum.<\/span><\/p>\n<\/div>\n<\/div>\n<\/div>\n<\/section>\n<section>\n<div>\n<div>\n<div>\n<h2><span style=\"color: #000000;\">HAFTUNG F\u00dcR LINKS AUF DIESER WEBSEITE<\/span><\/h2>\n<p><span style=\"color: #000000;\">Unsere Webseite enth\u00e4lt Links zu anderen Webseiten f\u00fcr deren Inhalt wir nicht verantwortlich sind. Haftung f\u00fcr verlinkte Websites besteht laut \u00a7 17 ECG f\u00fcr uns nicht, da wir keine Kenntnis rechtswidriger T\u00e4tigkeiten hatten und haben, uns solche Rechtswidrigkeiten auch bisher nicht aufgefallen sind und wir Links sofort entfernen w\u00fcrden, wenn uns Rechtswidrigkeiten bekannt werden. Wenn Ihnen rechtswidrige Links auf unserer Website auffallen, bitten wir Sie uns zu kontaktieren, Sie finden die Kontaktdaten im Impressum.<\/span><\/p>\n<\/div>\n<\/div>\n<\/div>\n<div>\n<div>\n<div>\n<h2><span style=\"color: #000000;\">URHEBERRECHTSHINWEIS<\/span><\/h2>\n<p><span style=\"color: #000000;\">Alle Inhalte dieser Webseite (Bilder, Fotos, Texte, Videos) unterliegen dem Urheberrecht. Falls notwendig, werden wir die unerlaubte Nutzung von Teilen der Inhalte unserer Seite rechtlich verfolgen. Sollten Sie auf dieser Webseite Inhalte finden, die das Urheberrecht verletzen, bitten wir Sie uns zu kontaktieren.<\/span><\/p>\n<\/div>\n<\/div>\n<\/div>\n<\/section>\n<section>\n<div>\n<div>\n<div>\n<h2><span style=\"color: #000000;\">DATENSCHUTZ<\/span><\/h2>\n<p><span style=\"color: #000000;\">Wir haben diese Datenschutzerkl\u00e4rung (Fassung 10.10.2020) verfasst, um Ihnen gem\u00e4\u00df der Vorgaben der Datenschutz-Grundverordnung (EU) 2016\/679 zu erkl\u00e4ren, welche Informationen wir sammeln, wie wir Daten verwenden und welche Entscheidungsm\u00f6glichkeiten Sie als Besucher dieser Webseite haben. Leider liegt es in der Natur der Sache, dass diese Erkl\u00e4rungen sehr technisch klingen, wir haben uns bei der Erstellung jedoch bem\u00fcht die wichtigsten Dinge so einfach und klar wie m\u00f6glich zu beschreiben.<\/span><\/p>\n<\/div>\n<\/div>\n<\/div>\n<div>\n<div>\n<div>\n<h2><span style=\"color: #000000;\">GOOGLE FONTS DATENSCHUTZERKL\u00c4RUNG<\/span><\/h2>\n<p><span style=\"color: #000000;\">Auf unserer Website verwenden wir Google Fonts. Das sind die \u201cGoogle-Schriften\u201d der Firma Google Inc. F\u00fcr den europ\u00e4ischen Raum ist das Unternehmen Google Ireland Limited (Gordon House, Barrow Street Dublin 4, Irland) f\u00fcr alle Google-Dienste verantwortlich. F\u00fcr die Verwendung von Google-Schriftarten m\u00fcssen Sie sich nicht anmelden bzw. ein Passwort hinterlegen. Weiters werden auch keine Cookies in Ihrem Browser gespeichert. Die Dateien (CSS, Schriftarten\/Fonts) werden \u00fcber die Google-Domains fonts.googleapis.com und fonts.gstatic.com angefordert. Laut Google sind die Anfragen nach CSS und Schriften vollkommen getrennt von allen anderen Google-Diensten. Wenn Sie ein Google-Konto haben, brauchen Sie keine Sorge haben, dass Ihre Google-Kontodaten, w\u00e4hrend der Verwendung von Google Fonts, an Google \u00fcbermittelt werden. Google erfasst die Nutzung von CSS (Cascading Style Sheets) und der verwendeten Schriftarten und speichert diese Daten sicher. Wie die Datenspeicherung genau aussieht, werden wir uns noch im Detail ansehen.<\/span><\/p>\n<p><span style=\"color: #000000;\">&nbsp;<\/span><\/p>\n<p><span style=\"color: #000000;\">&nbsp;<\/span><\/p>\n<p>Quelle: Erstellt mit dem <a title=\"Datenschutz Generator von AdSimple f\u00fcr \u00d6sterreich\" href=\"https:\/\/www.adsimple.at\/datenschutz-generator\/\">Datenschutz Generator<\/a> von AdSimple<span style=\"color: #000000;\"><br><\/span><\/p>\n<\/div>\n<\/div>\n<\/div>\n<\/section>\t\t\t\t\t\t<\/div>\n\t\t\t\t<\/div>\n\t\t\t\t\t<\/div>\n\t\t<\/div>\n\t\t\t\t\t\t\t<\/div>\n\t\t<\/section>\n\t\t\t\t\t\t\t<\/div>\n\t\t","protected":false},"excerpt":{"rendered":"<p>Impressum INFORMATIONSPFLICHT LAUT \u00a75 E-COMMERCE GESETZ, \u00a714 UNTERNEHMENSGESETZBUCH, \u00a763 GEWERBEORDNUNG UND OFFENLEGUNGSPFLICHT LAUT \u00a725 MEDIENGESETZ. Firmenname und Adresse:MK CARGO CONSULT e.U.Martin Kvych Griesgasse 11AT 2340 M\u00f6dling UID: ATU 77214248 Firmenbuchnumer: FN 563039z Bankverbindung: ERSTE BANK BLZ 20111 Konto 213-984-630\/05 IBAN AT07 2011 1213 9846 3005 BIC: GIBAATWWXXX Datenschutzinformationen: Es gelten die allgemeinen Gesch\u00e4ftsbedingungen f\u00fcr Unternehmensberatung [&hellip;]<\/p>\n","protected":false},"author":2,"featured_media":0,"parent":0,"menu_order":0,"comment_status":"closed","ping_status":"closed","template":"","meta":{"footnotes":""},"class_list":["post-218","page","type-page","status-publish","hentry"],"yoast_head":"<!-- This site is optimized with the Yoast SEO plugin v17.5 - https:\/\/yoast.com\/wordpress\/plugins\/seo\/ -->\n<title>Impressum - MK CargoConsult<\/title>\n<meta name=\"robots\" content=\"index, follow, max-snippet:-1, max-image-preview:large, max-video-preview:-1\" \/>\n<link rel=\"canonical\" href=\"https:\/\/www.cargo-consult.eu\/en\/impressum\/\" \/>\n<meta property=\"og:locale\" content=\"en_GB\" \/>\n<meta property=\"og:type\" content=\"article\" \/>\n<meta property=\"og:title\" content=\"Impressum - MK CargoConsult\" \/>\n<meta property=\"og:description\" content=\"Impressum INFORMATIONSPFLICHT LAUT \u00a75 E-COMMERCE GESETZ, \u00a714 UNTERNEHMENSGESETZBUCH, \u00a763 GEWERBEORDNUNG UND OFFENLEGUNGSPFLICHT LAUT \u00a725 MEDIENGESETZ. Firmenname und Adresse:MK CARGO CONSULT e.U.Martin Kvych Griesgasse 11AT 2340 M\u00f6dling UID: ATU 77214248 Firmenbuchnumer: FN 563039z Bankverbindung: ERSTE BANK BLZ 20111 Konto 213-984-630\/05 IBAN AT07 2011 1213 9846 3005 BIC: GIBAATWWXXX Datenschutzinformationen: Es gelten die allgemeinen Gesch\u00e4ftsbedingungen f\u00fcr Unternehmensberatung [&hellip;]\" \/>\n<meta property=\"og:url\" content=\"https:\/\/www.cargo-consult.eu\/en\/impressum\/\" \/>\n<meta property=\"og:site_name\" content=\"MK CargoConsult\" \/>\n<meta property=\"article:modified_time\" content=\"2021-12-08T13:54:07+00:00\" \/>\n<meta name=\"twitter:card\" content=\"summary_large_image\" \/>\n<meta name=\"twitter:label1\" content=\"Estimated reading time\" \/>\n\t<meta name=\"twitter:data1\" content=\"3 minutes\" \/>\n<script type=\"application\/ld+json\" class=\"yoast-schema-graph\">{\"@context\":\"https:\/\/schema.org\",\"@graph\":[{\"@type\":\"Organization\",\"@id\":\"https:\/\/www.cargo-consult.eu\/en\/#organization\",\"name\":\"MK Cargo Consult e.u.\",\"url\":\"https:\/\/www.cargo-consult.eu\/en\/\",\"sameAs\":[],\"logo\":{\"@type\":\"ImageObject\",\"@id\":\"https:\/\/www.cargo-consult.eu\/en\/#logo\",\"inLanguage\":\"en-GB\",\"url\":\"https:\/\/www.cargo-consult.eu\/wp-content\/uploads\/2021\/09\/combhor_blueblack.png\",\"contentUrl\":\"https:\/\/www.cargo-consult.eu\/wp-content\/uploads\/2021\/09\/combhor_blueblack.png\",\"width\":1024,\"height\":176,\"caption\":\"MK Cargo Consult e.u.\"},\"image\":{\"@id\":\"https:\/\/www.cargo-consult.eu\/en\/#logo\"}},{\"@type\":\"WebSite\",\"@id\":\"https:\/\/www.cargo-consult.eu\/en\/#website\",\"url\":\"https:\/\/www.cargo-consult.eu\/en\/\",\"name\":\"MK CargoConsult\",\"description\":\"Ihr Logistikpartner\",\"publisher\":{\"@id\":\"https:\/\/www.cargo-consult.eu\/en\/#organization\"},\"potentialAction\":[{\"@type\":\"SearchAction\",\"target\":{\"@type\":\"EntryPoint\",\"urlTemplate\":\"https:\/\/www.cargo-consult.eu\/en\/?s={search_term_string}\"},\"query-input\":\"required name=search_term_string\"}],\"inLanguage\":\"en-GB\"},{\"@type\":\"WebPage\",\"@id\":\"https:\/\/www.cargo-consult.eu\/en\/impressum\/#webpage\",\"url\":\"https:\/\/www.cargo-consult.eu\/en\/impressum\/\",\"name\":\"Impressum - MK CargoConsult\",\"isPartOf\":{\"@id\":\"https:\/\/www.cargo-consult.eu\/en\/#website\"},\"datePublished\":\"2021-09-20T18:16:49+00:00\",\"dateModified\":\"2021-12-08T13:54:07+00:00\",\"breadcrumb\":{\"@id\":\"https:\/\/www.cargo-consult.eu\/en\/impressum\/#breadcrumb\"},\"inLanguage\":\"en-GB\",\"potentialAction\":[{\"@type\":\"ReadAction\",\"target\":[\"https:\/\/www.cargo-consult.eu\/en\/impressum\/\"]}]},{\"@type\":\"BreadcrumbList\",\"@id\":\"https:\/\/www.cargo-consult.eu\/en\/impressum\/#breadcrumb\",\"itemListElement\":[{\"@type\":\"ListItem\",\"position\":1,\"name\":\"Home\",\"item\":\"https:\/\/www.cargo-consult.eu\/en\/\"},{\"@type\":\"ListItem\",\"position\":2,\"name\":\"Impressum\"}]}]}<\/script>\n<!-- \/ Yoast SEO plugin. -->","yoast_head_json":{"title":"Impressum - MK CargoConsult","robots":{"index":"index","follow":"follow","max-snippet":"max-snippet:-1","max-image-preview":"max-image-preview:large","max-video-preview":"max-video-preview:-1"},"canonical":"https:\/\/www.cargo-consult.eu\/en\/impressum\/","og_locale":"en_GB","og_type":"article","og_title":"Impressum - MK CargoConsult","og_description":"Impressum INFORMATIONSPFLICHT LAUT \u00a75 E-COMMERCE GESETZ, \u00a714 UNTERNEHMENSGESETZBUCH, \u00a763 GEWERBEORDNUNG UND OFFENLEGUNGSPFLICHT LAUT \u00a725 MEDIENGESETZ. Firmenname und Adresse:MK CARGO CONSULT e.U.Martin Kvych Griesgasse 11AT 2340 M\u00f6dling UID: ATU 77214248 Firmenbuchnumer: FN 563039z Bankverbindung: ERSTE BANK BLZ 20111 Konto 213-984-630\/05 IBAN AT07 2011 1213 9846 3005 BIC: GIBAATWWXXX Datenschutzinformationen: Es gelten die allgemeinen Gesch\u00e4ftsbedingungen f\u00fcr Unternehmensberatung [&hellip;]","og_url":"https:\/\/www.cargo-consult.eu\/en\/impressum\/","og_site_name":"MK CargoConsult","article_modified_time":"2021-12-08T13:54:07+00:00","twitter_card":"summary_large_image","twitter_misc":{"Estimated reading time":"3 minutes"},"schema":{"@context":"https:\/\/schema.org","@graph":[{"@type":"Organization","@id":"https:\/\/www.cargo-consult.eu\/en\/#organization","name":"MK Cargo Consult e.u.","url":"https:\/\/www.cargo-consult.eu\/en\/","sameAs":[],"logo":{"@type":"ImageObject","@id":"https:\/\/www.cargo-consult.eu\/en\/#logo","inLanguage":"en-GB","url":"https:\/\/www.cargo-consult.eu\/wp-content\/uploads\/2021\/09\/combhor_blueblack.png","contentUrl":"https:\/\/www.cargo-consult.eu\/wp-content\/uploads\/2021\/09\/combhor_blueblack.png","width":1024,"height":176,"caption":"MK Cargo Consult e.u."},"image":{"@id":"https:\/\/www.cargo-consult.eu\/en\/#logo"}},{"@type":"WebSite","@id":"https:\/\/www.cargo-consult.eu\/en\/#website","url":"https:\/\/www.cargo-consult.eu\/en\/","name":"MK CargoConsult","description":"Ihr Logistikpartner","publisher":{"@id":"https:\/\/www.cargo-consult.eu\/en\/#organization"},"potentialAction":[{"@type":"SearchAction","target":{"@type":"EntryPoint","urlTemplate":"https:\/\/www.cargo-consult.eu\/en\/?s={search_term_string}"},"query-input":"required name=search_term_string"}],"inLanguage":"en-GB"},{"@type":"WebPage","@id":"https:\/\/www.cargo-consult.eu\/en\/impressum\/#webpage","url":"https:\/\/www.cargo-consult.eu\/en\/impressum\/","name":"Impressum - MK CargoConsult","isPartOf":{"@id":"https:\/\/www.cargo-consult.eu\/en\/#website"},"datePublished":"2021-09-20T18:16:49+00:00","dateModified":"2021-12-08T13:54:07+00:00","breadcrumb":{"@id":"https:\/\/www.cargo-consult.eu\/en\/impressum\/#breadcrumb"},"inLanguage":"en-GB","potentialAction":[{"@type":"ReadAction","target":["https:\/\/www.cargo-consult.eu\/en\/impressum\/"]}]},{"@type":"BreadcrumbList","@id":"https:\/\/www.cargo-consult.eu\/en\/impressum\/#breadcrumb","itemListElement":[{"@type":"ListItem","position":1,"name":"Home","item":"https:\/\/www.cargo-consult.eu\/en\/"},{"@type":"ListItem","position":2,"name":"Impressum"}]}]}},"_links":{"self":[{"href":"https:\/\/www.cargo-consult.eu\/en\/wp-json\/wp\/v2\/pages\/218","targetHints":{"allow":["GET"]}}],"collection":[{"href":"https:\/\/www.cargo-consult.eu\/en\/wp-json\/wp\/v2\/pages"}],"about":[{"href":"https:\/\/www.cargo-consult.eu\/en\/wp-json\/wp\/v2\/types\/page"}],"author":[{"embeddable":true,"href":"https:\/\/www.cargo-consult.eu\/en\/wp-json\/wp\/v2\/users\/2"}],"replies":[{"embeddable":true,"href":"https:\/\/www.cargo-consult.eu\/en\/wp-json\/wp\/v2\/comments?post=218"}],"version-history":[{"count":3,"href":"https:\/\/www.cargo-consult.eu\/en\/wp-json\/wp\/v2\/pages\/218\/revisions"}],"predecessor-version":[{"id":1229,"href":"https:\/\/www.cargo-consult.eu\/en\/wp-json\/wp\/v2\/pages\/218\/revisions\/1229"}],"wp:attachment":[{"href":"https:\/\/www.cargo-consult.eu\/en\/wp-json\/wp\/v2\/media?parent=218"}],"curies":[{"name":"wp","href":"https:\/\/api.w.org\/{rel}","templated":true}]}}